{"id":100548,"date":"2022-09-27T16:25:58","date_gmt":"2022-09-27T14:25:58","guid":{"rendered":"https:\/\/baypol.eu.185-243-11-121.plesk.page\/promotionskolleg-pol-theo\/?page_id=100548"},"modified":"2023-03-31T17:00:19","modified_gmt":"2023-03-31T15:00:19","slug":"perspektiven","status":"publish","type":"page","link":"https:\/\/baypol.eu\/promotionskolleg\/en\/home\/perspektiven\/","title":{"rendered":"Perspektiven f\u00fcr Interessierte"},"content":{"rendered":"<p>[et_pb_section fb_built=&#8220;1&#8243; fullwidth=&#8220;on&#8220; module_class=&#8220;de-inner-page-header&#8220; _builder_version=&#8220;4.18.0&#8243; background_color=&#8220;rgba(6,22,47,0.6)&#8220; background_enable_color=&#8220;off&#8220; use_background_color_gradient=&#8220;on&#8220; background_color_gradient_stops=&#8220;#195392 0%|rgba(6,22,47,0.6) 100%&#8220; background_color_gradient_overlays_image=&#8220;on&#8220; background_color_gradient_start=&#8220;rgba(6,22,47,0.6)&#8220; background_color_gradient_end=&#8220;rgba(6,22,47,0.6)&#8220; background_image=&#8220;https:\/\/baypol.eu\/wp-content\/uploads\/sites\/4\/2022\/09\/collage.png&#8220; background_position=&#8220;bottom_center&#8220; background_vertical_offset=&#8220;6%&#8220; max_height=&#8220;525px&#8220; global_colors_info=&#8220;{}&#8220;][et_pb_fullwidth_post_title meta=&#8220;off&#8220; featured_image=&#8220;off&#8220; text_color=&#8220;light&#8220; admin_label=&#8220;Page Title&#8220; _builder_version=&#8220;4.16&#8243; title_font=&#8220;|300|||||||&#8220; title_font_size=&#8220;60px&#8220; parallax=&#8220;on&#8220; parallax_method=&#8220;off&#8220; title_font_size_tablet=&#8220;50px&#8220; title_font_size_phone=&#8220;40px&#8220; title_font_size_last_edited=&#8220;on|phone&#8220; title_line_height_tablet=&#8220;2&#8243; meta_font_size_tablet=&#8220;51&#8243; meta_line_height_tablet=&#8220;2&#8243; parallax_effect=&#8220;on&#8220; border_style=&#8220;solid&#8220; global_colors_info=&#8220;{}&#8220;][\/et_pb_fullwidth_post_title][\/et_pb_section][et_pb_section fb_built=&#8220;1&#8243; module_class=&#8220;student-services-section&#8220; _builder_version=&#8220;4.16&#8243; transparent_background=&#8220;off&#8220; make_fullwidth=&#8220;off&#8220; use_custom_width=&#8220;off&#8220; width_unit=&#8220;on&#8220; global_colors_info=&#8220;{}&#8220;][et_pb_row _builder_version=&#8220;4.18.0&#8243; _module_preset=&#8220;default&#8220; hover_enabled=&#8220;0&#8243; global_colors_info=&#8220;{}&#8220; sticky_enabled=&#8220;0&#8243;][et_pb_column type=&#8220;4_4&#8243; _builder_version=&#8220;4.18.0&#8243; _module_preset=&#8220;default&#8220; global_colors_info=&#8220;{}&#8220;][et_pb_text admin_label=&#8220;Available Courses&#8220; module_class=&#8220;de-special-heading&#8220; _builder_version=&#8220;4.20.2&#8243; header_2_font=&#8220;|600||on|||||&#8220; header_2_font_size=&#8220;50px&#8220; header_2_letter_spacing=&#8220;2px&#8220; header_3_font=&#8220;|300||on|||||&#8220; header_3_text_color=&#8220;#000000&#8243; header_3_font_size=&#8220;40px&#8220; header_3_letter_spacing=&#8220;1px&#8220; background_size=&#8220;initial&#8220; background_position=&#8220;top_left&#8220; background_repeat=&#8220;repeat&#8220; hover_enabled=&#8220;0&#8243; header_2_font_size_tablet=&#8220;40px&#8220; header_2_font_size_phone=&#8220;30px&#8220; header_2_font_size_last_edited=&#8220;on|desktop&#8220; header_3_font_size_tablet=&#8220;30px&#8220; header_3_font_size_phone=&#8220;20px&#8220; header_3_font_size_last_edited=&#8220;on|desktop&#8220; global_colors_info=&#8220;{}&#8220; sticky_enabled=&#8220;0&#8243; min_height=&#8220;42px&#8220;]<\/p>\n<h1>Perspektiven f\u00fcr Interessierte<\/h1>\n<p>[\/et_pb_text][et_pb_text admin_label=&#8220;Faculty Content&#8220; _builder_version=&#8220;4.20.2&#8243; text_font_size_tablet=&#8220;51&#8243; text_line_height_tablet=&#8220;2&#8243; header_font_size_tablet=&#8220;51&#8243; header_line_height_tablet=&#8220;2&#8243; border_style=&#8220;solid&#8220; global_colors_info=&#8220;{}&#8220;]<\/p>\n<div align=\"justify\"><span style=\"color: #000000;\">Das Bayerische Promotionskolleg f\u00fcr Politische Theorie, Politische Philosophie und Ideengeschichte bietet Masterabsolvent*innen die M\u00f6glichkeit, im Rahmen eines strukturierten Promotionsprogramms einem eigenen Forschungsvorhaben nachzugehen. Das Promotionskolleg ist dabei\u00a0thematisch offen und reflektiert die Vielgestaltigkeit des Fachbereichs. Wir vermitteln\u00a0sowohl fachbezogene als auch interdisziplin\u00e4re, wissenschaftstheoretische\u00a0und\u00a0methodologische Kompetenzen. Das Programm bereitet damit auf\u00a0die \u00dcbernahme\u00a0qualifizierter beruflicher Positionen\u00a0in Forschung, Lehre oder der freien Wirtschaft vor.<\/span><\/div>\n<div align=\"justify\"><span style=\"color: #000000;\">Die Promotion erfolgt an\u00a0einer der\u00a0beteiligten Universit\u00e4ten.\u00a0Durch die\u00a0\u00a0Zusammenarbeit der Lehreinheiten f\u00fcr Politische Theorie, Philosophie und Ideengeschichte\u00a0wird im intensiven Austausch zwischen Doktorand*innen und Professor*innen eine qualitativ hochwertige, individuelle Betreuung garantiert. Die Unterst\u00fctzung und F\u00f6rderung von Nachwuchswissenschaftler*innen steht im Zentrum unserer Arbeit im Kolleg.<\/span><\/div>\n<div align=\"justify\"><span style=\"color: #000000;\">Jedes Semester findet eine mehrt\u00e4gige Tagung statt. Hier besteht die M\u00f6glichkeit f\u00fcr Promovierende, das eigene Forschungsprojekt vorzustellen und mit anderen Doktorand*innen\u00a0wie\u00a0auch den Leiter*innen des Kollegs zu diskutieren. Dar\u00fcber hinaus finden Workshops zum wissenschaftlichen Arbeiten, zur Methodologie\u00a0und\u00a0zu verschiedenen inhaltlichen Schwerpunkten statt.\u00a0<b>Kollegiat*innen haben zudem selbst die M\u00f6glichkeit, themenbezogene Veranstaltungen zu organisieren. <\/b>Nach\u00a0dem Abschluss der\u00a0Promotion erh\u00e4lt jede\/r Kollegiat*in ein Zertifikat,\u00a0<b>das die erfolgreiche Teilnahme am Programm bescheinigt.<\/b><\/span><\/div>\n<div align=\"justify\"><span style=\"color: #000000;\"><b><br \/><\/b><\/span><span style=\"color: #000000;\">Voraussetzungen:<\/span><\/div>\n<ul>\n<li><span style=\"color: #000000;\">Abgeschlossenes Master-Studium in Politikwissenschaft \/ Philosophie oder angrenzenden und f\u00fcr die Politische Theorie relevanten F\u00e4chern.<\/span><\/li>\n<li><span style=\"color: #000000;\">Erfolgreiche Promotionszulassung und Betreuungszusage durch einen der\u00a0<b>beteiligten\u00a0<\/b>Lehrst\u00fchle.<\/span><\/li>\n<\/ul>\n<div align=\"justify\"><span style=\"color: #000000;\">Bei weiteren Fragen:<\/span><\/div>\n<p><span style=\"color: #000000;\">Wenden Sie sich bitte an den Sprecher des Kollegs.<\/span><\/p>\n<p>[\/et_pb_text][\/et_pb_column][\/et_pb_row][\/et_pb_section]<\/p>\n","protected":false},"excerpt":{"rendered":"<p>Perspektiven f\u00fcr InteressierteDas Bayerische Promotionskolleg f\u00fcr Politische Theorie, Politische Philosophie und Ideengeschichte bietet Masterabsolvent*innen die M\u00f6glichkeit, im Rahmen eines strukturierten Promotionsprogramms einem eigenen Forschungsvorhaben nachzugehen. Das Promotionskolleg ist dabei\u00a0thematisch offen und reflektiert die Vielgestaltigkeit des Fachbereichs. Wir vermitteln\u00a0sowohl fachbezogene als auch interdisziplin\u00e4re, wissenschaftstheoretische\u00a0und\u00a0methodologische Kompetenzen. Das Programm bereitet damit auf\u00a0die \u00dcbernahme\u00a0qualifizierter beruflicher Positionen\u00a0in Forschung, Lehre oder [&hellip;]<\/p>\n","protected":false},"author":1,"featured_media":0,"parent":97262,"menu_order":2,"comment_status":"closed","ping_status":"closed","template":"","meta":{"_et_pb_use_builder":"on","_et_pb_old_content":"","_et_gb_content_width":"","footnotes":""},"class_list":["post-100548","page","type-page","status-publish","hentry"],"aioseo_notices":[],"_links":{"self":[{"href":"https:\/\/baypol.eu\/promotionskolleg\/en\/wp-json\/wp\/v2\/pages\/100548","targetHints":{"allow":["GET"]}}],"collection":[{"href":"https:\/\/baypol.eu\/promotionskolleg\/en\/wp-json\/wp\/v2\/pages"}],"about":[{"href":"https:\/\/baypol.eu\/promotionskolleg\/en\/wp-json\/wp\/v2\/types\/page"}],"author":[{"embeddable":true,"href":"https:\/\/baypol.eu\/promotionskolleg\/en\/wp-json\/wp\/v2\/users\/1"}],"replies":[{"embeddable":true,"href":"https:\/\/baypol.eu\/promotionskolleg\/en\/wp-json\/wp\/v2\/comments?post=100548"}],"version-history":[{"count":3,"href":"https:\/\/baypol.eu\/promotionskolleg\/en\/wp-json\/wp\/v2\/pages\/100548\/revisions"}],"predecessor-version":[{"id":100777,"href":"https:\/\/baypol.eu\/promotionskolleg\/en\/wp-json\/wp\/v2\/pages\/100548\/revisions\/100777"}],"up":[{"embeddable":true,"href":"https:\/\/baypol.eu\/promotionskolleg\/en\/wp-json\/wp\/v2\/pages\/97262"}],"wp:attachment":[{"href":"https:\/\/baypol.eu\/promotionskolleg\/en\/wp-json\/wp\/v2\/media?parent=100548"}],"curies":[{"name":"wp","href":"https:\/\/api.w.org\/{rel}","templated":true}]}}